{"id":28418,"date":"2024-04-19T14:45:09","date_gmt":"2024-04-19T12:45:09","guid":{"rendered":"https:\/\/www.teatrodonizetti.it\/?page_id=28418"},"modified":"2024-06-06T11:02:42","modified_gmt":"2024-06-06T09:02:42","slug":"art-bonus","status":"publish","type":"page","link":"https:\/\/test.teatrodonizetti.it\/it\/art-bonus\/","title":{"rendered":"Art Bonus &#8211; Ambasciatori di Donizetti"},"content":{"rendered":"<p><div class=\"fusion-fullwidth fullwidth-box fusion-builder-row-1 fusion-flex-container has-pattern-background has-mask-background nonhundred-percent-fullwidth non-hundred-percent-height-scrolling\" style=\"--awb-border-radius-top-left:0px;--awb-border-radius-top-right:0px;--awb-border-radius-bottom-right:0px;--awb-border-radius-bottom-left:0px;--awb-flex-wrap:wrap;\" ><div class=\"fusion-builder-row fusion-row fusion-flex-align-items-flex-start fusion-flex-content-wrap\" style=\"max-width:1331.2px;margin-left: calc(-4% \/ 2 );margin-right: calc(-4% \/ 2 );\"><div class=\"fusion-layout-column fusion_builder_column fusion-builder-column-0 fusion_builder_column_1_1 1_1 fusion-flex-column\" style=\"--awb-bg-size:cover;--awb-width-large:100%;--awb-margin-top-large:0px;--awb-spacing-right-large:1.92%;--awb-margin-bottom-large:20px;--awb-spacing-left-large:1.92%;--awb-width-medium:100%;--awb-order-medium:0;--awb-spacing-right-medium:1.92%;--awb-spacing-left-medium:1.92%;--awb-width-small:100%;--awb-order-small:0;--awb-spacing-right-small:1.92%;--awb-spacing-left-small:1.92%;\"><div class=\"fusion-column-wrapper fusion-column-has-shadow fusion-flex-justify-content-flex-start fusion-content-layout-column\"><div class=\"fusion-text fusion-text-1\"><h2>DIVENTA AMBASCIATORE, IL TUO SOSTEGNO ALLA CAUSA CULTURALE PI\u00d9 RILEVANTE<\/h2>\n<p><strong>Secondo Federculture ogni euro investito in cultura ne genera 4.<\/strong><\/p>\n<p>Contribuisci anche tu alla pi\u00f9 grande organizzazione di creazione di valore della citt\u00e0 di Bergamo. La Fondazione Teatro Donizetti rappresenta oggi la vera piazza sociale della citt\u00e0. Coinvolge ogni anno oltre 19.000 studenti (come spettatori e nei progetti laboratoriali e di alternanza scuola \/ lavoro), circa 76mila spettatori (da oltre 26 Paesi per il festival Donizetti Opera e per Bergamo Jazz) e conta oltre 100 alzate di sipario per il Teatro Donizetti e quasi 50 per il Teatro Sociale.<\/p>\n<\/div><div class=\"fusion-image-element \" style=\"--awb-caption-title-font-family:var(--h2_typography-font-family);--awb-caption-title-font-weight:var(--h2_typography-font-weight);--awb-caption-title-font-style:var(--h2_typography-font-style);--awb-caption-title-size:var(--h2_typography-font-size);--awb-caption-title-transform:var(--h2_typography-text-transform);--awb-caption-title-line-height:var(--h2_typography-line-height);--awb-caption-title-letter-spacing:var(--h2_typography-letter-spacing);\"><span class=\" fusion-imageframe imageframe-none imageframe-1 hover-type-none\"><img decoding=\"async\" width=\"1280\" height=\"720\" title=\"TEATRO DONIZETTI &#8211; L&#8217;industria culturale al centro di Bergamo\" src=\"data:image\/gif;base64,R0lGODlhAQABAAAAACH5BAEKAAEALAAAAAABAAEAAAICTAEAOw==\" alt=\"\" class=\"img-responsive wp-image-28447 lazyload\" sizes=\"(max-width: 1024px) 100vw, (max-width: 640px) 100vw, 1280px\" data-src=\"https:\/\/test.teatrodonizetti.it\/wp-content\/uploads\/2024\/04\/TEATRO-DONIZETTI-Lindustria-culturale-al-centro-di-Bergamo.webp\" data-srcset=\"https:\/\/test.teatrodonizetti.it\/wp-content\/uploads\/2024\/04\/TEATRO-DONIZETTI-Lindustria-culturale-al-centro-di-Bergamo-200x113.webp 200w, https:\/\/test.teatrodonizetti.it\/wp-content\/uploads\/2024\/04\/TEATRO-DONIZETTI-Lindustria-culturale-al-centro-di-Bergamo-300x169.webp 300w, https:\/\/test.teatrodonizetti.it\/wp-content\/uploads\/2024\/04\/TEATRO-DONIZETTI-Lindustria-culturale-al-centro-di-Bergamo-400x225.webp 400w, https:\/\/test.teatrodonizetti.it\/wp-content\/uploads\/2024\/04\/TEATRO-DONIZETTI-Lindustria-culturale-al-centro-di-Bergamo-600x338.webp 600w, https:\/\/test.teatrodonizetti.it\/wp-content\/uploads\/2024\/04\/TEATRO-DONIZETTI-Lindustria-culturale-al-centro-di-Bergamo-768x432.webp 768w, https:\/\/test.teatrodonizetti.it\/wp-content\/uploads\/2024\/04\/TEATRO-DONIZETTI-Lindustria-culturale-al-centro-di-Bergamo-800x450.webp 800w, https:\/\/test.teatrodonizetti.it\/wp-content\/uploads\/2024\/04\/TEATRO-DONIZETTI-Lindustria-culturale-al-centro-di-Bergamo-1024x576.webp 1024w, https:\/\/test.teatrodonizetti.it\/wp-content\/uploads\/2024\/04\/TEATRO-DONIZETTI-Lindustria-culturale-al-centro-di-Bergamo-1200x675.webp 1200w, https:\/\/test.teatrodonizetti.it\/wp-content\/uploads\/2024\/04\/TEATRO-DONIZETTI-Lindustria-culturale-al-centro-di-Bergamo.webp 1280w\"><\/span><\/div><\/div><\/div><div class=\"fusion-layout-column fusion_builder_column fusion-builder-column-1 fusion_builder_column_1_1 1_1 fusion-flex-column\" style=\"--awb-padding-top:25px;--awb-padding-right:25px;--awb-padding-bottom:25px;--awb-padding-left:25px;--awb-bg-color:#f6f6f6;--awb-bg-color-hover:#f6f6f6;--awb-bg-size:cover;--awb-border-color:var(--awb-color5);--awb-border-left:2px;--awb-border-style:solid;--awb-width-large:100%;--awb-margin-top-large:0px;--awb-spacing-right-large:1.92%;--awb-margin-bottom-large:20px;--awb-spacing-left-large:1.92%;--awb-width-medium:100%;--awb-order-medium:0;--awb-spacing-right-medium:1.92%;--awb-spacing-left-medium:1.92%;--awb-width-small:100%;--awb-order-small:0;--awb-spacing-right-small:1.92%;--awb-spacing-left-small:1.92%;\" data-scroll-devices=\"small-visibility,medium-visibility,large-visibility\"><div class=\"fusion-column-wrapper fusion-column-has-shadow fusion-flex-justify-content-flex-start fusion-content-layout-column\"><div class=\"fusion-text fusion-text-2\"><h3>PERCH\u00c9 ADERIRE<\/h3>\n<p>Donizetti incarna lo spirito di abnegazione al lavoro tipico dei bergamaschi. Nella sua vita ha composto 73 opere ed \u00e8 uno degli autori pi\u00f9 rappresentati al mondo con oltre 1.500 recite ogni anno. Nel mondo, quasi 2 milioni di persone si spostano annualmente per assistere alle opere di Donizetti: \u00e8 questa<br \/>\nun\u2019eccezionale opportunit\u00e0 per poterle accogliere nella sua citt\u00e0 natale.<br \/>\nNiente comunica il made in Italy come l\u2019opera lirica, linguaggio universalmente riconosciuto. Sostenere la Fondazione Teatro Donizetti in questa fase di radicale innovazione significa sostenere tutta la comunit\u00e0 bergamasca nella quale coesistono grandi aziende internazionalizzate e una grande potenzialit\u00e0 turistica<br \/>\nnon ancora emersa.<\/p>\n<\/div><\/div><\/div><div class=\"fusion-layout-column fusion_builder_column fusion-builder-column-2 fusion_builder_column_1_1 1_1 fusion-flex-column\" style=\"--awb-bg-size:cover;--awb-width-large:100%;--awb-margin-top-large:0px;--awb-spacing-right-large:1.92%;--awb-margin-bottom-large:20px;--awb-spacing-left-large:1.92%;--awb-width-medium:100%;--awb-order-medium:0;--awb-spacing-right-medium:1.92%;--awb-spacing-left-medium:1.92%;--awb-width-small:100%;--awb-order-small:0;--awb-spacing-right-small:1.92%;--awb-spacing-left-small:1.92%;\"><div class=\"fusion-column-wrapper fusion-column-has-shadow fusion-flex-justify-content-flex-start fusion-content-layout-column\"><div class=\"fusion-text fusion-text-3\"><h2>IL PROGETTO<\/h2>\n<p>L\u2019obiettivo alla base della membership Ambasciatori di Donizetti \u00e8 creare una cultura diffusa sul compositore Gaetano Donizetti rappresentata da 73 mecenati, uno per ciascun titolo del suo repertorio: membership che sia simbolo della citt\u00e0 di Bergamo a livello internazionale grazie al nome del compositore e al prestigio<br \/>\ndei partecipanti.<\/p>\n<p>Aderire al sodalizio significa non solo legare il proprio brand al mondo della cultura ma investire in un progetto di social responsibility per la citt\u00e0 e in comunicazione internazionale per Bergamo e le sue imprese.<\/p>\n<p>73 posti disponibili oltre il Maestro. 4 i livelli di adesione annuale:<\/p>\n<ul>\n<li>Maestro<\/li>\n<li>Capolavori massimo 3 ambasciatori<\/li>\n<li>Pietre miliari massimo 20 ambasciatori<\/li>\n<li>Rarit\u00e0 massimo 50 ambasciatori<\/li>\n<\/ul>\n<\/div><div class=\"fusion-image-element \" style=\"--awb-caption-title-font-family:var(--h2_typography-font-family);--awb-caption-title-font-weight:var(--h2_typography-font-weight);--awb-caption-title-font-style:var(--h2_typography-font-style);--awb-caption-title-size:var(--h2_typography-font-size);--awb-caption-title-transform:var(--h2_typography-text-transform);--awb-caption-title-line-height:var(--h2_typography-line-height);--awb-caption-title-letter-spacing:var(--h2_typography-letter-spacing);\"><span class=\" fusion-imageframe imageframe-none imageframe-2 hover-type-none\"><img decoding=\"async\" width=\"1280\" height=\"720\" title=\"I 73 ambasciatori di Donizetti\" src=\"data:image\/gif;base64,R0lGODlhAQABAAAAACH5BAEKAAEALAAAAAABAAEAAAICTAEAOw==\" alt=\"\" class=\"img-responsive wp-image-28440 lazyload\" sizes=\"(max-width: 1024px) 100vw, (max-width: 640px) 100vw, 1280px\" data-src=\"https:\/\/test.teatrodonizetti.it\/wp-content\/uploads\/2024\/04\/I-73-ambasciatori-di-Donizetti.webp\" data-srcset=\"https:\/\/test.teatrodonizetti.it\/wp-content\/uploads\/2024\/04\/I-73-ambasciatori-di-Donizetti-200x113.webp 200w, https:\/\/test.teatrodonizetti.it\/wp-content\/uploads\/2024\/04\/I-73-ambasciatori-di-Donizetti-300x169.webp 300w, https:\/\/test.teatrodonizetti.it\/wp-content\/uploads\/2024\/04\/I-73-ambasciatori-di-Donizetti-400x225.webp 400w, https:\/\/test.teatrodonizetti.it\/wp-content\/uploads\/2024\/04\/I-73-ambasciatori-di-Donizetti-600x338.webp 600w, https:\/\/test.teatrodonizetti.it\/wp-content\/uploads\/2024\/04\/I-73-ambasciatori-di-Donizetti-768x432.webp 768w, https:\/\/test.teatrodonizetti.it\/wp-content\/uploads\/2024\/04\/I-73-ambasciatori-di-Donizetti-800x450.webp 800w, https:\/\/test.teatrodonizetti.it\/wp-content\/uploads\/2024\/04\/I-73-ambasciatori-di-Donizetti-1024x576.webp 1024w, https:\/\/test.teatrodonizetti.it\/wp-content\/uploads\/2024\/04\/I-73-ambasciatori-di-Donizetti-1200x675.webp 1200w, https:\/\/test.teatrodonizetti.it\/wp-content\/uploads\/2024\/04\/I-73-ambasciatori-di-Donizetti.webp 1280w\"><\/span><\/div><\/div><\/div><div class=\"fusion-layout-column fusion_builder_column fusion-builder-column-3 fusion_builder_column_1_1 1_1 fusion-flex-column\" style=\"--awb-bg-size:cover;--awb-width-large:100%;--awb-margin-top-large:0px;--awb-spacing-right-large:1.92%;--awb-margin-bottom-large:20px;--awb-spacing-left-large:1.92%;--awb-width-medium:100%;--awb-order-medium:0;--awb-spacing-right-medium:1.92%;--awb-spacing-left-medium:1.92%;--awb-width-small:100%;--awb-order-small:0;--awb-spacing-right-small:1.92%;--awb-spacing-left-small:1.92%;\"><div class=\"fusion-column-wrapper fusion-column-has-shadow fusion-flex-justify-content-flex-start fusion-content-layout-column\"><div class=\"fusion-text fusion-text-4\" style=\"--awb-font-size:24px;\"><p style=\"text-align: center;\"><strong>Grazie al progetto Ambasciatori,<\/strong><br \/>\n<strong>vogliamo poter dire: \u00abBergamo \u00e8 Donizetti!\u00bb<\/strong><\/p>\n<\/div><\/div><\/div><\/div><\/div><div class=\"fusion-fullwidth fullwidth-box fusion-builder-row-2 fusion-flex-container has-pattern-background has-mask-background nonhundred-percent-fullwidth non-hundred-percent-height-scrolling\" style=\"--awb-border-radius-top-left:0px;--awb-border-radius-top-right:0px;--awb-border-radius-bottom-right:0px;--awb-border-radius-bottom-left:0px;--awb-flex-wrap:wrap;\" ><div class=\"fusion-builder-row fusion-row fusion-flex-align-items-flex-start fusion-flex-content-wrap\" style=\"max-width:1331.2px;margin-left: calc(-4% \/ 2 );margin-right: calc(-4% \/ 2 );\"><div class=\"fusion-layout-column fusion_builder_column fusion-builder-column-4 fusion_builder_column_1_1 1_1 fusion-flex-column\" style=\"--awb-padding-top:25px;--awb-padding-right:25px;--awb-padding-bottom:25px;--awb-padding-left:25px;--awb-bg-color:#f6f6f6;--awb-bg-color-hover:#f6f6f6;--awb-bg-size:cover;--awb-border-color:var(--awb-color5);--awb-border-left:2px;--awb-border-style:solid;--awb-width-large:100%;--awb-margin-top-large:0px;--awb-spacing-right-large:1.92%;--awb-margin-bottom-large:20px;--awb-spacing-left-large:1.92%;--awb-width-medium:100%;--awb-order-medium:0;--awb-spacing-right-medium:1.92%;--awb-spacing-left-medium:1.92%;--awb-width-small:100%;--awb-order-small:0;--awb-spacing-right-small:1.92%;--awb-spacing-left-small:1.92%;\" data-scroll-devices=\"small-visibility,medium-visibility,large-visibility\"><div class=\"fusion-column-wrapper fusion-column-has-shadow fusion-flex-justify-content-flex-start fusion-content-layout-column\"><div class=\"fusion-text fusion-text-5\"><h3 style=\"text-align: center;\">COME ADERIRE<\/h3>\n<p style=\"text-align: center;\">Per aderire al progetto Ambasciatori di Donizetti \u00e8 sufficiente effettuare una semplice donazione alla Fondazione Teatro Donizetti.<\/p>\n<p style=\"text-align: center;\">Cos\u00ec facendo si potr\u00e0 accedere anche ai benefici fiscali garanti da Art Bonus.<\/p>\n<p style=\"text-align: center;\"><strong><em>DIVENTA AZIONISTA DI QUESTO FUTURO CON IL 65% DI CREDITO D\u2019IMPOSTA<\/em><\/strong><\/p>\n<p style=\"text-align: center;\">La misura di Art Bonus \u00e8 una grande opportunit\u00e0 per valorizzare il Patrimonio storico-artistico italiano; infatti, la tua donazione potr\u00e0 godere di un credito di imposta del 65%, da ripartire in 3 quote annuali di pari importo, anche in compensazione tramite F24.<\/p>\n<p style=\"text-align: center;\"><strong>ART BONUS PERMETTE DI RICEVERE UN CREDITO D\u2019IMPOSTA PARI AL 65% DEL VALORE DELLA DONAZIONE.<\/strong><\/p>\n<p style=\"text-align: center;\">Ad esempio, con una donazione di 10.000 euro, potrai detrarre 6.500 euro dalle tasse.<\/p>\n<p><img decoding=\"async\" class=\"aligncenter wp-image-28444 lazyload\" src=\"data:image\/gif;base64,R0lGODlhAQABAAAAACH5BAEKAAEALAAAAAABAAEAAAICTAEAOw==\" alt=\"\" width=\"150\" height=\"75\" data-src=\"https:\/\/test.teatrodonizetti.it\/wp-content\/uploads\/2024\/04\/Logo-Art-Bonus-e1712822177749.png\"><\/p>\n<h3 style=\"text-align: center;\">PER EFFETTUARE L&#8217;EROGAZIONE LIBERALE:<\/h3>\n<p style=\"text-align: center;\"><strong>Beneficiario<\/strong>: Fondazione Teatro Donizetti<\/p>\n<p style=\"text-align: center;\"><strong>IBAN<\/strong>: IT60G0306911166100000018596<\/p>\n<p style=\"text-align: center;\"><strong>Causale<\/strong>: Art Bonus \u2013 Fondazione Teatro Donizetti \u2013 indicare il nome dell&#8217;intervento specifico&#8230; &#8211; \u2013 Codice fiscale o P. Iva del mecenate<\/p>\n<\/div><\/div><\/div><div class=\"fusion-layout-column fusion_builder_column fusion-builder-column-5 fusion_builder_column_1_1 1_1 fusion-flex-column\" style=\"--awb-bg-size:cover;--awb-width-large:100%;--awb-margin-top-large:0px;--awb-spacing-right-large:1.92%;--awb-margin-bottom-large:20px;--awb-spacing-left-large:1.92%;--awb-width-medium:100%;--awb-order-medium:0;--awb-spacing-right-medium:1.92%;--awb-spacing-left-medium:1.92%;--awb-width-small:100%;--awb-order-small:0;--awb-spacing-right-small:1.92%;--awb-spacing-left-small:1.92%;\"><div class=\"fusion-column-wrapper fusion-column-has-shadow fusion-flex-justify-content-flex-start fusion-content-layout-column\"><div class=\"fusion-separator fusion-full-width-sep\" style=\"align-self: center;margin-left: auto;margin-right: auto;width:100%;\"><div class=\"fusion-separator-border sep-single sep-solid\" style=\"--awb-height:20px;--awb-amount:20px;border-color:#e0dede;border-top-width:1px;\"><\/div><\/div><\/div><\/div><div class=\"fusion-layout-column fusion_builder_column fusion-builder-column-6 fusion_builder_column_1_1 1_1 fusion-flex-column\" style=\"--awb-bg-size:cover;--awb-width-large:100%;--awb-margin-top-large:0px;--awb-spacing-right-large:1.92%;--awb-margin-bottom-large:20px;--awb-spacing-left-large:1.92%;--awb-width-medium:100%;--awb-order-medium:0;--awb-spacing-right-medium:1.92%;--awb-spacing-left-medium:1.92%;--awb-width-small:100%;--awb-order-small:0;--awb-spacing-right-small:1.92%;--awb-spacing-left-small:1.92%;\"><div class=\"fusion-column-wrapper fusion-column-has-shadow fusion-flex-justify-content-flex-start fusion-content-layout-column\"><div style=\"text-align:center;\"><a class=\"fusion-button button-flat button-medium button-custom fusion-button-default button-1 fusion-button-span-yes \" style=\"--button_accent_color:#ffffff;--button_accent_hover_color:#ffffff;--button_border_hover_color:#ffffff;--button_gradient_top_color:#be0000;--button_gradient_bottom_color:#be0000;--button_gradient_top_color_hover:#747474;--button_gradient_bottom_color_hover:#747474;--button_text_transform:uppercase;\" target=\"_blank\" rel=\"noopener noreferrer\" href=\"https:\/\/test.teatrodonizetti.it\/wp-content\/uploads\/2024\/04\/TEATRO-DONIZETTI-\u2013-Lindustria-culturale-al-centro-di-Bergamo.pdf\"><i class=\"fa-angle-double-right fas button-icon-left\" aria-hidden=\"true\"><\/i><span class=\"fusion-button-text\">Scarica la presentazione degli Ambasciatori di Donizetti e scopri le occasioni e le possibilit\u00e0 riservate ai nostri sostenitori<\/span><\/a><\/div><\/div><\/div><div class=\"fusion-layout-column fusion_builder_column fusion-builder-column-7 fusion_builder_column_1_1 1_1 fusion-flex-column\" style=\"--awb-bg-size:cover;--awb-width-large:100%;--awb-margin-top-large:0px;--awb-spacing-right-large:1.92%;--awb-margin-bottom-large:20px;--awb-spacing-left-large:1.92%;--awb-width-medium:100%;--awb-order-medium:0;--awb-spacing-right-medium:1.92%;--awb-spacing-left-medium:1.92%;--awb-width-small:100%;--awb-order-small:0;--awb-spacing-right-small:1.92%;--awb-spacing-left-small:1.92%;\"><div class=\"fusion-column-wrapper fusion-column-has-shadow fusion-flex-justify-content-flex-start fusion-content-layout-column\"><div class=\"fusion-separator fusion-full-width-sep\" style=\"align-self: center;margin-left: auto;margin-right: auto;width:100%;\"><div class=\"fusion-separator-border sep-single sep-solid\" style=\"--awb-height:20px;--awb-amount:20px;border-color:#e0dede;border-top-width:1px;\"><\/div><\/div><\/div><\/div><div class=\"fusion-layout-column fusion_builder_column fusion-builder-column-8 fusion_builder_column_1_1 1_1 fusion-flex-column\" style=\"--awb-padding-top:25px;--awb-padding-right:25px;--awb-padding-bottom:25px;--awb-padding-left:25px;--awb-bg-size:cover;--awb-border-color:var(--awb-color5);--awb-border-top:2px;--awb-border-right:2px;--awb-border-bottom:2px;--awb-border-left:2px;--awb-border-style:solid;--awb-width-large:100%;--awb-margin-top-large:0px;--awb-spacing-right-large:1.92%;--awb-margin-bottom-large:20px;--awb-spacing-left-large:1.92%;--awb-width-medium:100%;--awb-order-medium:0;--awb-spacing-right-medium:1.92%;--awb-spacing-left-medium:1.92%;--awb-width-small:100%;--awb-order-small:0;--awb-spacing-right-small:1.92%;--awb-spacing-left-small:1.92%;\" data-scroll-devices=\"small-visibility,medium-visibility,large-visibility\"><div class=\"fusion-column-wrapper fusion-column-has-shadow fusion-flex-justify-content-flex-start fusion-content-layout-column\"><div class=\"fusion-text fusion-text-6\"><p style=\"text-align: center;\"><strong>Hanno gi\u00e0 aderito<\/strong><\/p>\n<p style=\"text-align: center;\"><span style=\"font-weight: 400;\">A2A \u2022 ATB Mobilit\u00e0 \u2022 Sacbo \u2022 Uniacque<\/span><\/p>\n<p style=\"text-align: center;\"><b>e gli Ambasciatori di Donizetti\u00a0<\/b><\/p>\n<p style=\"text-align: center;\"><span style=\"font-weight: 400;\">IL MAESTRO<br \/>\n<\/span><span style=\"font-weight: 400;\">Siad<\/span><\/p>\n<p style=\"text-align: center;\"><span style=\"font-weight: 400;\">I CAPOLAVORI<br \/>\n<\/span><span style=\"font-weight: 400;\">Fine Foods<\/span><\/p>\n<p style=\"text-align: center;\"><span style=\"font-weight: 400;\">LE PIETRE MILIARI<br \/>\n<\/span>Alfaparf Group \u2022 Curnis Gioielli 3C \u2022 Gruppo Rulmeca \u2022 IRE OMBA \u2022 Legami \u2022 Nuova Demi \u2022 OMB Valves<\/p>\n<p style=\"text-align: center;\"><span style=\"font-weight: 400;\">LE RARIT\u00c0<br \/>\n<\/span><span style=\"font-weight: 400;\">3V Eagle \u2022 Allegrini \u2022 Automha \u2022 Before Advisory \u2022 Beltrami Linen \u2022 Bodega G. &amp; C. \u2022 Brembomatic Pedrali \u2022 Carba \u2022 Caseificio Defendi Luigi \u2022 Catellani &amp; Smith \u2022 CRS Impianti \u2022 CX Centax \u2022 Diachem \u2022 Effegi \u2022 Ferretticasa \u2022 Flow Meter \u2022 FraMar \u2022 Fratelli Rota Nodari \u2022 Gemels \u2022 Gruppo Alimentare Ambrosini \u2022 Impresa Edile Stradale Artifoni \u2022 Intertrasport \u2022 Iterchimica \u2022 Levorato \u2022 LVF Valve Solutions \u2022 MA.BO. \u2022 Mazzoleni &#8211; Specialisti Nella Nutrizione \u2022 Montello \u2022 Neodecortech \u2022 Panestetic \u2022 Persico \u2022 Polo Telematico Avantgarde<\/span> <span style=\"font-weight: 400;\">\u2022 Qintesi \u2022 Revi4<\/span> <span style=\"font-weight: 400;\">\u2022 Ri.Gom.Ma \u2022 Stucchi Group \u2022 Studio Berta Nembrini Colombini &amp; Associati \u2022 Trussardi Petroli \u2022 Zanetti<\/span><\/p>\n<p style=\"text-align: center;\"><span style=\"font-weight: 400;\">HANNO INOLTRE DONATO<br \/>\n<\/span><span style=\"font-weight: 400;\">Fecs \u2022 Rota Fumagalli Gioielleria<\/span><\/p>\n<\/div><\/div><\/div><\/div><\/div><\/p>\n","protected":false},"excerpt":{"rendered":"","protected":false},"author":1,"featured_media":0,"parent":0,"menu_order":0,"comment_status":"closed","ping_status":"closed","template":"","meta":{"footnotes":""},"folder":[],"class_list":["post-28418","page","type-page","status-publish","hentry"],"_links":{"self":[{"href":"https:\/\/test.teatrodonizetti.it\/it\/wp-json\/wp\/v2\/pages\/28418"}],"collection":[{"href":"https:\/\/test.teatrodonizetti.it\/it\/wp-json\/wp\/v2\/pages"}],"about":[{"href":"https:\/\/test.teatrodonizetti.it\/it\/wp-json\/wp\/v2\/types\/page"}],"author":[{"embeddable":true,"href":"https:\/\/test.teatrodonizetti.it\/it\/wp-json\/wp\/v2\/users\/1"}],"replies":[{"embeddable":true,"href":"https:\/\/test.teatrodonizetti.it\/it\/wp-json\/wp\/v2\/comments?post=28418"}],"version-history":[{"count":0,"href":"https:\/\/test.teatrodonizetti.it\/it\/wp-json\/wp\/v2\/pages\/28418\/revisions"}],"wp:attachment":[{"href":"https:\/\/test.teatrodonizetti.it\/it\/wp-json\/wp\/v2\/media?parent=28418"}],"wp:term":[{"taxonomy":"folder","embeddable":true,"href":"https:\/\/test.teatrodonizetti.it\/it\/wp-json\/wp\/v2\/folder?post=28418"}],"curies":[{"name":"wp","href":"https:\/\/api.w.org\/{rel}","templated":true}]}}